{"id":457,"date":"2021-09-19T14:02:49","date_gmt":"2021-09-19T14:02:49","guid":{"rendered":"https:\/\/darkorchid-yak-541232.hostingersite.com\/?post_type=product&#038;p=457"},"modified":"2021-11-29T18:26:52","modified_gmt":"2021-11-29T18:26:52","slug":"birnen","status":"publish","type":"product","link":"https:\/\/frischeorangen.com\/?product=birnen","title":{"rendered":"Birnen"},"content":{"rendered":"","protected":false},"excerpt":{"rendered":"<h3>Inhaltsstoffe in <strong>Birnen <\/strong>:<\/h3>\n<p class=\"text\">Birnen sind viel s\u00fc\u00dfer als \u00c4pfel, denn sie enthalten deutlich weniger S\u00e4ure und etwas mehr Fruchtzucker. Aufgrund des hohen Fruchtzuckergehalts, und weil sie auch den Zuckeralkohol Sorbitol beinhalten, k\u00f6nnen sie bei einigen Menschen\u00a0Durchfall\u00a0und\u00a0Bl\u00e4hungen\u00a0verursachen.<\/p>\n<p class=\"text\">Birnen enthalten unter anderem Provitamin A, die Vitamine B1, B2 und\u00a0Vitamin C, das f\u00fcr den Aufbau von Bindegewebe und bei der Eisenaufnahme eine wichtige Rolle spielt. Auch\u00a0Fols\u00e4ure\u00a0steckt in Birnen. Dazu kommen unter anderem die Mineralstoffe\u00a0Kalium,\u00a0Kalzium\u00a0und\u00a0Eisen.<\/p>\n","protected":false},"featured_media":463,"comment_status":"open","ping_status":"closed","template":"","meta":[],"product_brand":[],"product_cat":[19],"product_tag":[],"class_list":{"0":"post-457","1":"product","2":"type-product","3":"status-publish","4":"has-post-thumbnail","6":"product_cat-obst","8":"first","9":"instock","10":"shipping-taxable","11":"purchasable","12":"product-type-simple"},"_links":{"self":[{"href":"https:\/\/frischeorangen.com\/index.php?rest_route=\/wp\/v2\/product\/457","targetHints":{"allow":["GET"]}}],"collection":[{"href":"https:\/\/frischeorangen.com\/index.php?rest_route=\/wp\/v2\/product"}],"about":[{"href":"https:\/\/frischeorangen.com\/index.php?rest_route=\/wp\/v2\/types\/product"}],"replies":[{"embeddable":true,"href":"https:\/\/frischeorangen.com\/index.php?rest_route=%2Fwp%2Fv2%2Fcomments&post=457"}],"wp:featuredmedia":[{"embeddable":true,"href":"https:\/\/frischeorangen.com\/index.php?rest_route=\/wp\/v2\/media\/463"}],"wp:attachment":[{"href":"https:\/\/frischeorangen.com\/index.php?rest_route=%2Fwp%2Fv2%2Fmedia&parent=457"}],"wp:term":[{"taxonomy":"product_brand","embeddable":true,"href":"https:\/\/frischeorangen.com\/index.php?rest_route=%2Fwp%2Fv2%2Fproduct_brand&post=457"},{"taxonomy":"product_cat","embeddable":true,"href":"https:\/\/frischeorangen.com\/index.php?rest_route=%2Fwp%2Fv2%2Fproduct_cat&post=457"},{"taxonomy":"product_tag","embeddable":true,"href":"https:\/\/frischeorangen.com\/index.php?rest_route=%2Fwp%2Fv2%2Fproduct_tag&post=457"}],"curies":[{"name":"wp","href":"https:\/\/api.w.org\/{rel}","templated":true}]}}