{"id":456,"date":"2021-09-19T14:02:47","date_gmt":"2021-09-19T14:02:47","guid":{"rendered":"https:\/\/darkorchid-yak-541232.hostingersite.com\/?post_type=product&#038;p=456"},"modified":"2021-11-29T18:26:40","modified_gmt":"2021-11-29T18:26:40","slug":"aprikosen","status":"publish","type":"product","link":"https:\/\/frischeorangen.com\/?product=aprikosen","title":{"rendered":"Aprikosen"},"content":{"rendered":"","protected":false},"excerpt":{"rendered":"<h3>Inhaltsstoffe:<\/h3>\n<p class=\"text\">Mit 280 Milligramm\u00a0Kalium, 0,7 Milligramm\u00a0Eisen\u00a0und 1,6 Milligramm\u00a0Provitamin A (Carotin)\u00a0pro 100 Gramm liefert die Aprikose reichlich N\u00e4hrstoffe. Carotin kann der K\u00f6rper in Vitamin A umwandeln \u2013 wichtig unter anderem f\u00fcr Haut und Augen.<\/p>\n<p class=\"text\">Aprikosen enthalten au\u00dferdem\u00a0Vitamin B1,\u00a0B2,\u00a0Vitamin C,\u00a0Kalzium\u00a0und Phosphor. Diese Stoffe sind zum Beispiel wichtig f\u00fcr den Kohlenhydratstoffwechsel, den Energiestoffwechsel, das Immunsystem sowie f\u00fcr Z\u00e4hne und Knochen.<\/p>\n","protected":false},"featured_media":462,"comment_status":"open","ping_status":"closed","template":"","meta":[],"product_brand":[],"product_cat":[19],"product_tag":[],"class_list":{"0":"post-456","1":"product","2":"type-product","3":"status-publish","4":"has-post-thumbnail","6":"product_cat-obst","8":"first","9":"instock","10":"shipping-taxable","11":"purchasable","12":"product-type-simple"},"_links":{"self":[{"href":"https:\/\/frischeorangen.com\/index.php?rest_route=\/wp\/v2\/product\/456","targetHints":{"allow":["GET"]}}],"collection":[{"href":"https:\/\/frischeorangen.com\/index.php?rest_route=\/wp\/v2\/product"}],"about":[{"href":"https:\/\/frischeorangen.com\/index.php?rest_route=\/wp\/v2\/types\/product"}],"replies":[{"embeddable":true,"href":"https:\/\/frischeorangen.com\/index.php?rest_route=%2Fwp%2Fv2%2Fcomments&post=456"}],"wp:featuredmedia":[{"embeddable":true,"href":"https:\/\/frischeorangen.com\/index.php?rest_route=\/wp\/v2\/media\/462"}],"wp:attachment":[{"href":"https:\/\/frischeorangen.com\/index.php?rest_route=%2Fwp%2Fv2%2Fmedia&parent=456"}],"wp:term":[{"taxonomy":"product_brand","embeddable":true,"href":"https:\/\/frischeorangen.com\/index.php?rest_route=%2Fwp%2Fv2%2Fproduct_brand&post=456"},{"taxonomy":"product_cat","embeddable":true,"href":"https:\/\/frischeorangen.com\/index.php?rest_route=%2Fwp%2Fv2%2Fproduct_cat&post=456"},{"taxonomy":"product_tag","embeddable":true,"href":"https:\/\/frischeorangen.com\/index.php?rest_route=%2Fwp%2Fv2%2Fproduct_tag&post=456"}],"curies":[{"name":"wp","href":"https:\/\/api.w.org\/{rel}","templated":true}]}}