{"id":434,"date":"2021-09-19T13:19:17","date_gmt":"2021-09-19T13:19:17","guid":{"rendered":"https:\/\/darkorchid-yak-541232.hostingersite.com\/?post_type=product&#038;p=434"},"modified":"2025-08-18T21:25:59","modified_gmt":"2025-08-18T21:25:59","slug":"auberginen","status":"publish","type":"product","link":"https:\/\/frischeorangen.com\/?product=auberginen","title":{"rendered":"auberginen sizilianisch"},"content":{"rendered":"","protected":false},"excerpt":{"rendered":"<h3>Inhaltsstoffe:<\/h3>\n<p class=\"text\">Auberginen bestehen zu 93 Prozent aus Wasser. Mit nur 17 Kilokalorien pro 100 Gramm sind sie sehr kalorienarm \u2013 allerdings braucht man f\u00fcr die Zubereitung des Gem\u00fcses h\u00e4ufig recht viel Fett. Auberginen enthalten\u00a0Kalium\u00a0sowie vor allem in der Schale\u00a0Vitamine\u00a0der B-Gruppe sowie\u00a0Vitamin C. Zum Rohverzehr ist dieses Gem\u00fcse nicht geeignet, da es Bitterstoffe und das giftige Alkaloid Solanin enth\u00e4lt.<\/p>\n","protected":false},"featured_media":1830,"comment_status":"open","ping_status":"closed","template":"","meta":[],"product_brand":[],"product_cat":[21],"product_tag":[],"class_list":{"0":"post-434","1":"product","2":"type-product","3":"status-publish","4":"has-post-thumbnail","6":"product_cat-gemuse","8":"first","9":"instock","10":"shipping-taxable","11":"purchasable","12":"product-type-simple"},"_links":{"self":[{"href":"https:\/\/frischeorangen.com\/index.php?rest_route=\/wp\/v2\/product\/434","targetHints":{"allow":["GET"]}}],"collection":[{"href":"https:\/\/frischeorangen.com\/index.php?rest_route=\/wp\/v2\/product"}],"about":[{"href":"https:\/\/frischeorangen.com\/index.php?rest_route=\/wp\/v2\/types\/product"}],"replies":[{"embeddable":true,"href":"https:\/\/frischeorangen.com\/index.php?rest_route=%2Fwp%2Fv2%2Fcomments&post=434"}],"wp:featuredmedia":[{"embeddable":true,"href":"https:\/\/frischeorangen.com\/index.php?rest_route=\/wp\/v2\/media\/1830"}],"wp:attachment":[{"href":"https:\/\/frischeorangen.com\/index.php?rest_route=%2Fwp%2Fv2%2Fmedia&parent=434"}],"wp:term":[{"taxonomy":"product_brand","embeddable":true,"href":"https:\/\/frischeorangen.com\/index.php?rest_route=%2Fwp%2Fv2%2Fproduct_brand&post=434"},{"taxonomy":"product_cat","embeddable":true,"href":"https:\/\/frischeorangen.com\/index.php?rest_route=%2Fwp%2Fv2%2Fproduct_cat&post=434"},{"taxonomy":"product_tag","embeddable":true,"href":"https:\/\/frischeorangen.com\/index.php?rest_route=%2Fwp%2Fv2%2Fproduct_tag&post=434"}],"curies":[{"name":"wp","href":"https:\/\/api.w.org\/{rel}","templated":true}]}}