{"id":432,"date":"2021-09-19T13:14:12","date_gmt":"2021-09-19T13:14:12","guid":{"rendered":"https:\/\/darkorchid-yak-541232.hostingersite.com\/?post_type=product&#038;p=432"},"modified":"2025-08-18T21:29:07","modified_gmt":"2025-08-18T21:29:07","slug":"zwiebeln","status":"publish","type":"product","link":"https:\/\/frischeorangen.com\/?product=zwiebeln","title":{"rendered":"Zwiebeln"},"content":{"rendered":"","protected":false},"excerpt":{"rendered":"<h2 id=\"headline21\"><span class=\"accordion-title\">Inhaltsstoffe<\/span><\/h2>\n<div id=\"accordion1-panel2\" class=\"accordion-panel collapse-content\" aria-labelledby=\"accordion1-headline2\">\n<p>Zwiebeln haben einen hohen Wasseranteil, kaum Fett und somit einen geringen Kaloriengehalt. Sie liefern unterschiedliche Vitamine und Mineralstoffe wie\u00a0<abbr lang=\"de\" title=\"zum Beispiel\">z.B.<\/abbr>\u00a0Vitamine der B-Gruppe,\u00a0Vitamin C,\u00a0Kalium\u00a0und\u00a0Selen. Je nach Sorte schwankt ihr Kohlenhydratgehalt \u2013 mildere Zwiebeln haben einen h\u00f6heren Zuckeranteil. Au\u00dferdem enthalten sie viele \u00e4therische \u00d6le und schwefelige Verbindungen (Sulfide), die zu den\u00a0sekund\u00e4ren Pflanzenstoffen<span class=\"tooltip-bubble\">\u00a0gesundheitsf\u00f6rdernde Substanzen<br \/>\nweiterlesen<\/span>\u00a0z\u00e4hlen.<\/p>\n<\/div>\n","protected":false},"featured_media":1832,"comment_status":"open","ping_status":"closed","template":"","meta":[],"product_brand":[],"product_cat":[21],"product_tag":[],"class_list":{"0":"post-432","1":"product","2":"type-product","3":"status-publish","4":"has-post-thumbnail","6":"product_cat-gemuse","8":"first","9":"instock","10":"shipping-taxable","11":"purchasable","12":"product-type-simple"},"_links":{"self":[{"href":"https:\/\/frischeorangen.com\/index.php?rest_route=\/wp\/v2\/product\/432","targetHints":{"allow":["GET"]}}],"collection":[{"href":"https:\/\/frischeorangen.com\/index.php?rest_route=\/wp\/v2\/product"}],"about":[{"href":"https:\/\/frischeorangen.com\/index.php?rest_route=\/wp\/v2\/types\/product"}],"replies":[{"embeddable":true,"href":"https:\/\/frischeorangen.com\/index.php?rest_route=%2Fwp%2Fv2%2Fcomments&post=432"}],"wp:featuredmedia":[{"embeddable":true,"href":"https:\/\/frischeorangen.com\/index.php?rest_route=\/wp\/v2\/media\/1832"}],"wp:attachment":[{"href":"https:\/\/frischeorangen.com\/index.php?rest_route=%2Fwp%2Fv2%2Fmedia&parent=432"}],"wp:term":[{"taxonomy":"product_brand","embeddable":true,"href":"https:\/\/frischeorangen.com\/index.php?rest_route=%2Fwp%2Fv2%2Fproduct_brand&post=432"},{"taxonomy":"product_cat","embeddable":true,"href":"https:\/\/frischeorangen.com\/index.php?rest_route=%2Fwp%2Fv2%2Fproduct_cat&post=432"},{"taxonomy":"product_tag","embeddable":true,"href":"https:\/\/frischeorangen.com\/index.php?rest_route=%2Fwp%2Fv2%2Fproduct_tag&post=432"}],"curies":[{"name":"wp","href":"https:\/\/api.w.org\/{rel}","templated":true}]}}