{"id":429,"date":"2021-09-19T13:07:37","date_gmt":"2021-09-19T13:07:37","guid":{"rendered":"https:\/\/darkorchid-yak-541232.hostingersite.com\/?post_type=product&#038;p=429"},"modified":"2025-08-18T21:21:35","modified_gmt":"2025-08-18T21:21:35","slug":"fenchel","status":"publish","type":"product","link":"https:\/\/frischeorangen.com\/?product=fenchel","title":{"rendered":"Fenchel"},"content":{"rendered":"","protected":false},"excerpt":{"rendered":"<h3>Inhaltsstoffe: Fenchel enth\u00e4lt unter anderem \u00e4therische \u00d6le<\/h3>\n<p class=\"text\">Das \u00e4therische \u00d6l des Fenchels (mit Inhaltsstoffen wie Anethol, Menthol und Fenchon) sind der Grund f\u00fcr seinen intensiven Anisgeschmack. Sie haben eine positive Wirkung bei bestimmten Magen-Darm-Beschwerden wie\u00a0Bl\u00e4hungen.\u00a0Fenchel\u00a0gilt daher auch als Heilpflanze. Auch\u00a0Vitamin C\u00a0und\u00a0Eisen\u00a0enth\u00e4lt der Fenchel. Letzteres wird unter anderem zur Blutbildung ben\u00f6tigt. Daneben kommen zum Beispiel auch Provitamin A und\u00a0Kalium\u00a0im Fenchel vor.<\/p>\n","protected":false},"featured_media":430,"comment_status":"open","ping_status":"closed","template":"","meta":[],"product_brand":[],"product_cat":[21],"product_tag":[],"class_list":{"0":"post-429","1":"product","2":"type-product","3":"status-publish","4":"has-post-thumbnail","6":"product_cat-gemuse","8":"first","9":"instock","10":"shipping-taxable","11":"purchasable","12":"product-type-simple"},"_links":{"self":[{"href":"https:\/\/frischeorangen.com\/index.php?rest_route=\/wp\/v2\/product\/429","targetHints":{"allow":["GET"]}}],"collection":[{"href":"https:\/\/frischeorangen.com\/index.php?rest_route=\/wp\/v2\/product"}],"about":[{"href":"https:\/\/frischeorangen.com\/index.php?rest_route=\/wp\/v2\/types\/product"}],"replies":[{"embeddable":true,"href":"https:\/\/frischeorangen.com\/index.php?rest_route=%2Fwp%2Fv2%2Fcomments&post=429"}],"wp:featuredmedia":[{"embeddable":true,"href":"https:\/\/frischeorangen.com\/index.php?rest_route=\/wp\/v2\/media\/430"}],"wp:attachment":[{"href":"https:\/\/frischeorangen.com\/index.php?rest_route=%2Fwp%2Fv2%2Fmedia&parent=429"}],"wp:term":[{"taxonomy":"product_brand","embeddable":true,"href":"https:\/\/frischeorangen.com\/index.php?rest_route=%2Fwp%2Fv2%2Fproduct_brand&post=429"},{"taxonomy":"product_cat","embeddable":true,"href":"https:\/\/frischeorangen.com\/index.php?rest_route=%2Fwp%2Fv2%2Fproduct_cat&post=429"},{"taxonomy":"product_tag","embeddable":true,"href":"https:\/\/frischeorangen.com\/index.php?rest_route=%2Fwp%2Fv2%2Fproduct_tag&post=429"}],"curies":[{"name":"wp","href":"https:\/\/api.w.org\/{rel}","templated":true}]}}