{"id":420,"date":"2021-09-19T13:03:02","date_gmt":"2021-09-19T13:03:02","guid":{"rendered":"https:\/\/darkorchid-yak-541232.hostingersite.com\/?post_type=product&#038;p=420"},"modified":"2025-08-18T21:21:16","modified_gmt":"2025-08-18T21:21:16","slug":"paprika","status":"publish","type":"product","link":"https:\/\/frischeorangen.com\/?product=paprika","title":{"rendered":"Paprika"},"content":{"rendered":"","protected":false},"excerpt":{"rendered":"<h3>Inhaltsstoffe: Roter Paprika enth\u00e4lt viel Vitamin C<\/h3>\n<p class=\"text\">Vor allem roter Paprika ist eine wahre Vitamin-C-Bombe. Um den\u00a0Vitamin-C-Tagesbedarf eines erwachsenen Mannes zu decken, reichen bereits weniger als 100 Gramm. Paprika enthalten auch Carotinoide, durch sie entsteht die Farbe der roten und gelben Paprika.<br \/>\nF\u00fcr die Sch\u00e4rfe, die je nach Paprikasorte stark variiert, ist das \u00fcberwiegend in den Scheidew\u00e4nden und Samenkernen enthaltene Capsaicin verantwortlich. Die Messeinheit f\u00fcr die Sch\u00e4rfe lautet Scoville. In der Gem\u00fcsepaprika bewegt sich die Sch\u00e4rfe allerdings praktisch bei null Einheiten.<\/p>\n","protected":false},"featured_media":1829,"comment_status":"open","ping_status":"closed","template":"","meta":[],"product_brand":[],"product_cat":[21],"product_tag":[],"class_list":{"0":"post-420","1":"product","2":"type-product","3":"status-publish","4":"has-post-thumbnail","6":"product_cat-gemuse","8":"first","9":"instock","10":"shipping-taxable","11":"purchasable","12":"product-type-simple"},"_links":{"self":[{"href":"https:\/\/frischeorangen.com\/index.php?rest_route=\/wp\/v2\/product\/420","targetHints":{"allow":["GET"]}}],"collection":[{"href":"https:\/\/frischeorangen.com\/index.php?rest_route=\/wp\/v2\/product"}],"about":[{"href":"https:\/\/frischeorangen.com\/index.php?rest_route=\/wp\/v2\/types\/product"}],"replies":[{"embeddable":true,"href":"https:\/\/frischeorangen.com\/index.php?rest_route=%2Fwp%2Fv2%2Fcomments&post=420"}],"wp:featuredmedia":[{"embeddable":true,"href":"https:\/\/frischeorangen.com\/index.php?rest_route=\/wp\/v2\/media\/1829"}],"wp:attachment":[{"href":"https:\/\/frischeorangen.com\/index.php?rest_route=%2Fwp%2Fv2%2Fmedia&parent=420"}],"wp:term":[{"taxonomy":"product_brand","embeddable":true,"href":"https:\/\/frischeorangen.com\/index.php?rest_route=%2Fwp%2Fv2%2Fproduct_brand&post=420"},{"taxonomy":"product_cat","embeddable":true,"href":"https:\/\/frischeorangen.com\/index.php?rest_route=%2Fwp%2Fv2%2Fproduct_cat&post=420"},{"taxonomy":"product_tag","embeddable":true,"href":"https:\/\/frischeorangen.com\/index.php?rest_route=%2Fwp%2Fv2%2Fproduct_tag&post=420"}],"curies":[{"name":"wp","href":"https:\/\/api.w.org\/{rel}","templated":true}]}}