{"id":413,"date":"2021-09-19T12:57:52","date_gmt":"2021-09-19T12:57:52","guid":{"rendered":"https:\/\/darkorchid-yak-541232.hostingersite.com\/?post_type=product&#038;p=413"},"modified":"2021-11-29T18:29:31","modified_gmt":"2021-11-29T18:29:31","slug":"blumenkohl","status":"publish","type":"product","link":"https:\/\/frischeorangen.com\/?product=blumenkohl","title":{"rendered":"Blumenkohl"},"content":{"rendered":"","protected":false},"excerpt":{"rendered":"<h3>Inhaltsstoffe: Gesund und kalorienarm<\/h3>\n<p class=\"text\">Im Blumenkohl finden sich zahlreiche\u00a0Mineralstoffe\u00a0sowie B-Vitamine und\u00a0Vitamin C. Vitamin C ist zum Beispiel wichtig f\u00fcr das Bindegewebe. Daneben enth\u00e4lt Blumenkohl wie viele andere Kohlsorten reichlich\u00a0Vitamin K. Patienten, die bestimmte Gerinnungshemmer einnehmen, m\u00fcssen unter Umst\u00e4nden mit dem Konsum von Blumenkohl vorsichtig sein, da er die Wirkung der Medikamente beeintr\u00e4chtigen kann. Am besten fragen Sie dazu Ihren Arzt oder Apotheker. Blumenkohl ist wie fast alle Gem\u00fcsesorten sehr kalorienarm.<\/p>\n","protected":false},"featured_media":409,"comment_status":"open","ping_status":"closed","template":"","meta":[],"product_brand":[],"product_cat":[21],"product_tag":[],"class_list":{"0":"post-413","1":"product","2":"type-product","3":"status-publish","4":"has-post-thumbnail","6":"product_cat-gemuse","8":"first","9":"instock","10":"shipping-taxable","11":"purchasable","12":"product-type-simple"},"_links":{"self":[{"href":"https:\/\/frischeorangen.com\/index.php?rest_route=\/wp\/v2\/product\/413","targetHints":{"allow":["GET"]}}],"collection":[{"href":"https:\/\/frischeorangen.com\/index.php?rest_route=\/wp\/v2\/product"}],"about":[{"href":"https:\/\/frischeorangen.com\/index.php?rest_route=\/wp\/v2\/types\/product"}],"replies":[{"embeddable":true,"href":"https:\/\/frischeorangen.com\/index.php?rest_route=%2Fwp%2Fv2%2Fcomments&post=413"}],"wp:featuredmedia":[{"embeddable":true,"href":"https:\/\/frischeorangen.com\/index.php?rest_route=\/wp\/v2\/media\/409"}],"wp:attachment":[{"href":"https:\/\/frischeorangen.com\/index.php?rest_route=%2Fwp%2Fv2%2Fmedia&parent=413"}],"wp:term":[{"taxonomy":"product_brand","embeddable":true,"href":"https:\/\/frischeorangen.com\/index.php?rest_route=%2Fwp%2Fv2%2Fproduct_brand&post=413"},{"taxonomy":"product_cat","embeddable":true,"href":"https:\/\/frischeorangen.com\/index.php?rest_route=%2Fwp%2Fv2%2Fproduct_cat&post=413"},{"taxonomy":"product_tag","embeddable":true,"href":"https:\/\/frischeorangen.com\/index.php?rest_route=%2Fwp%2Fv2%2Fproduct_tag&post=413"}],"curies":[{"name":"wp","href":"https:\/\/api.w.org\/{rel}","templated":true}]}}