{"id":341,"date":"2021-09-16T22:25:40","date_gmt":"2021-09-16T22:25:40","guid":{"rendered":"https:\/\/darkorchid-yak-541232.hostingersite.com\/?post_type=product&#038;p=341"},"modified":"2025-08-18T20:44:34","modified_gmt":"2025-08-18T20:44:34","slug":"weintrauben","status":"publish","type":"product","link":"https:\/\/frischeorangen.com\/?product=weintrauben","title":{"rendered":"Weintrauben"},"content":{"rendered":"","protected":false},"excerpt":{"rendered":"<h3>Inhaltsstoffe der Traube: Relativ viel Fruchtzucker<\/h3>\n<p class=\"text\">Trauben bestehen haupts\u00e4chlich aus Wasser. Sie haben einen relativ hohen Fruchtzuckergehalt. Sie enthalten zudem Fruchts\u00e4uren (vor allem Wein- und Apfels\u00e4ure).<\/p>\n<p class=\"text\">In Trauben steckt auch\u00a0Vitamin B6\u00a0und\u00a0Fols\u00e4ure. Vitamin B6 ben\u00f6tigt der K\u00f6rper unter anderem f\u00fcr den Eiwei\u00dfstoffwechsel, Fols\u00e4ure unter anderem f\u00fcr die Blutbildung. Auch enthalten Weintrauben den sekund\u00e4ren Pflanzenstoff Ellags\u00e4ure. In der Haut der Trauben findet sich der antioxidativ wirkende Pflanzenstoff Resveratrol.<\/p>\n","protected":false},"featured_media":344,"comment_status":"open","ping_status":"closed","template":"","meta":[],"product_brand":[],"product_cat":[19],"product_tag":[],"class_list":{"0":"post-341","1":"product","2":"type-product","3":"status-publish","4":"has-post-thumbnail","6":"product_cat-obst","8":"first","9":"instock","10":"shipping-taxable","11":"purchasable","12":"product-type-simple"},"_links":{"self":[{"href":"https:\/\/frischeorangen.com\/index.php?rest_route=\/wp\/v2\/product\/341","targetHints":{"allow":["GET"]}}],"collection":[{"href":"https:\/\/frischeorangen.com\/index.php?rest_route=\/wp\/v2\/product"}],"about":[{"href":"https:\/\/frischeorangen.com\/index.php?rest_route=\/wp\/v2\/types\/product"}],"replies":[{"embeddable":true,"href":"https:\/\/frischeorangen.com\/index.php?rest_route=%2Fwp%2Fv2%2Fcomments&post=341"}],"wp:featuredmedia":[{"embeddable":true,"href":"https:\/\/frischeorangen.com\/index.php?rest_route=\/wp\/v2\/media\/344"}],"wp:attachment":[{"href":"https:\/\/frischeorangen.com\/index.php?rest_route=%2Fwp%2Fv2%2Fmedia&parent=341"}],"wp:term":[{"taxonomy":"product_brand","embeddable":true,"href":"https:\/\/frischeorangen.com\/index.php?rest_route=%2Fwp%2Fv2%2Fproduct_brand&post=341"},{"taxonomy":"product_cat","embeddable":true,"href":"https:\/\/frischeorangen.com\/index.php?rest_route=%2Fwp%2Fv2%2Fproduct_cat&post=341"},{"taxonomy":"product_tag","embeddable":true,"href":"https:\/\/frischeorangen.com\/index.php?rest_route=%2Fwp%2Fv2%2Fproduct_tag&post=341"}],"curies":[{"name":"wp","href":"https:\/\/api.w.org\/{rel}","templated":true}]}}