{"id":340,"date":"2021-09-16T22:25:33","date_gmt":"2021-09-16T22:25:33","guid":{"rendered":"https:\/\/darkorchid-yak-541232.hostingersite.com\/?post_type=product&#038;p=340"},"modified":"2025-08-18T20:40:29","modified_gmt":"2025-08-18T20:40:29","slug":"grapefruit","status":"publish","type":"product","link":"https:\/\/frischeorangen.com\/?product=grapefruit","title":{"rendered":"Grapefruit"},"content":{"rendered":"","protected":false},"excerpt":{"rendered":"<h3>Inhaltsstoffe der Grapefruit: Vorsicht, Wechselwirkung!<\/h3>\n<p class=\"text\">Die rosa Farbe der Grapefruits entsteht durch den Pflanzenfarbstoff Lykopin, der auch Tomaten rot f\u00e4rbt. Lykopin soll das Risiko f\u00fcr Herz-Kreislauf-Erkrankungen und f\u00fcr einige Krebsarten senken. Das in der Grapefruit enthaltene\u00a0Vitamin C\u00a0ist wichtig f\u00fcr den Aufbau von Bindegewebe. Etwa drei Fr\u00fcchte decken den Tagesbedarf eines Erwachsenen von 100 Milligramm. Die in der Grapefruit enthaltenen B-Vitamine spielen eine Rolle bei verschiedenen Stoffwechselvorg\u00e4ngen.<\/p>\n","protected":false},"featured_media":343,"comment_status":"open","ping_status":"closed","template":"","meta":[],"product_brand":[],"product_cat":[35,19],"product_tag":[],"class_list":{"0":"post-340","1":"product","2":"type-product","3":"status-publish","4":"has-post-thumbnail","6":"product_cat-orangen","7":"product_cat-obst","9":"first","10":"instock","11":"shipping-taxable","12":"purchasable","13":"product-type-variable"},"_links":{"self":[{"href":"https:\/\/frischeorangen.com\/index.php?rest_route=\/wp\/v2\/product\/340","targetHints":{"allow":["GET"]}}],"collection":[{"href":"https:\/\/frischeorangen.com\/index.php?rest_route=\/wp\/v2\/product"}],"about":[{"href":"https:\/\/frischeorangen.com\/index.php?rest_route=\/wp\/v2\/types\/product"}],"replies":[{"embeddable":true,"href":"https:\/\/frischeorangen.com\/index.php?rest_route=%2Fwp%2Fv2%2Fcomments&post=340"}],"wp:featuredmedia":[{"embeddable":true,"href":"https:\/\/frischeorangen.com\/index.php?rest_route=\/wp\/v2\/media\/343"}],"wp:attachment":[{"href":"https:\/\/frischeorangen.com\/index.php?rest_route=%2Fwp%2Fv2%2Fmedia&parent=340"}],"wp:term":[{"taxonomy":"product_brand","embeddable":true,"href":"https:\/\/frischeorangen.com\/index.php?rest_route=%2Fwp%2Fv2%2Fproduct_brand&post=340"},{"taxonomy":"product_cat","embeddable":true,"href":"https:\/\/frischeorangen.com\/index.php?rest_route=%2Fwp%2Fv2%2Fproduct_cat&post=340"},{"taxonomy":"product_tag","embeddable":true,"href":"https:\/\/frischeorangen.com\/index.php?rest_route=%2Fwp%2Fv2%2Fproduct_tag&post=340"}],"curies":[{"name":"wp","href":"https:\/\/api.w.org\/{rel}","templated":true}]}}