{"id":338,"date":"2021-09-16T22:21:22","date_gmt":"2021-09-16T22:21:22","guid":{"rendered":"https:\/\/darkorchid-yak-541232.hostingersite.com\/?post_type=product&#038;p=338"},"modified":"2025-08-18T20:35:56","modified_gmt":"2025-08-18T20:35:56","slug":"cedri","status":"publish","type":"product","link":"https:\/\/frischeorangen.com\/?product=cedri","title":{"rendered":"Cedri"},"content":{"rendered":"<p><span class=\"fett\"><strong>Naturmedizin und Gesundhei<\/strong>t\u00a0<\/span>&#8211; Cedri haben einen hohen Stellenwert f\u00fcr die Gesundheit, da sie bakterienabt\u00f6tend, appetitanregend, fiebersenkend wirken und auch gegen &#8220;Katerstimmung&#8221; helfen. Hei\u00dfer Zitronensaft ist ein altes Volksheilmittel gegen Erk\u00e4ltungen.<br \/>\nLimonen regen Entgiftungsenzyme in Leber und Dickdarm an, l\u00f6sen Schlacken und Gifte im Darmbereich, dichten die Gef\u00e4\u00dfkapillare ab und beg\u00fcnstigen die Elastizit\u00e4t der Blutgef\u00e4\u00dfe. Sie spornen besonders alle Verdauungsdr\u00fcsen an, helfen gegen Bl\u00e4hungen und Bauchkr\u00e4mpfe. Ihr Saft st\u00e4rkt Herz, senkt zu hohen Blutdruck, baut nach Erk\u00e4ltungen und Durchfall auf, beugt Infektionen durch Erk\u00e4ltungsviren vor. Wirkt stark antiseptisch: Bei Halsentz\u00fcndung mit Saft gurgeln! Stoppt Zahnfleischbluten, t\u00f6tete in Tests sogar Diphteriebakterien ab. Bei Zahnfleischbluten hilft das Einmassieren der Z\u00e4hne mit einem Zitronenschnitz. Umschl\u00e4ge mit Zitronensaft lindern die Beschwerden bei Ekzemen und von Pilzbefall angegriffene Hautpartien.<br \/>\n<span class=\"fett\">Achtung:<\/span>\u00a0Keinen Saft auf n\u00fcchternen Magen, wenn Sie unter Sodbrennen oder an \u00fcbers\u00e4uertem Magen leiden!<\/p>\n","protected":false},"excerpt":{"rendered":"<h3>Inhaltsstoffe in Cedri:<\/h3>\n<p>Ausser viel Vitamin C und den Substanzen der Orange das Limonen, ein Bestandteil des Zitronen\u00f6ls.<\/p>\n","protected":false},"featured_media":339,"comment_status":"open","ping_status":"closed","template":"","meta":[],"product_brand":[],"product_cat":[35,19],"product_tag":[],"class_list":{"0":"post-338","1":"product","2":"type-product","3":"status-publish","4":"has-post-thumbnail","6":"product_cat-orangen","7":"product_cat-obst","9":"first","10":"instock","11":"shipping-taxable","12":"purchasable","13":"product-type-variable","14":"has-default-attributes"},"_links":{"self":[{"href":"https:\/\/frischeorangen.com\/index.php?rest_route=\/wp\/v2\/product\/338","targetHints":{"allow":["GET"]}}],"collection":[{"href":"https:\/\/frischeorangen.com\/index.php?rest_route=\/wp\/v2\/product"}],"about":[{"href":"https:\/\/frischeorangen.com\/index.php?rest_route=\/wp\/v2\/types\/product"}],"replies":[{"embeddable":true,"href":"https:\/\/frischeorangen.com\/index.php?rest_route=%2Fwp%2Fv2%2Fcomments&post=338"}],"wp:featuredmedia":[{"embeddable":true,"href":"https:\/\/frischeorangen.com\/index.php?rest_route=\/wp\/v2\/media\/339"}],"wp:attachment":[{"href":"https:\/\/frischeorangen.com\/index.php?rest_route=%2Fwp%2Fv2%2Fmedia&parent=338"}],"wp:term":[{"taxonomy":"product_brand","embeddable":true,"href":"https:\/\/frischeorangen.com\/index.php?rest_route=%2Fwp%2Fv2%2Fproduct_brand&post=338"},{"taxonomy":"product_cat","embeddable":true,"href":"https:\/\/frischeorangen.com\/index.php?rest_route=%2Fwp%2Fv2%2Fproduct_cat&post=338"},{"taxonomy":"product_tag","embeddable":true,"href":"https:\/\/frischeorangen.com\/index.php?rest_route=%2Fwp%2Fv2%2Fproduct_tag&post=338"}],"curies":[{"name":"wp","href":"https:\/\/api.w.org\/{rel}","templated":true}]}}