{"id":215,"date":"2021-09-16T12:53:55","date_gmt":"2021-09-16T12:53:55","guid":{"rendered":"https:\/\/darkorchid-yak-541232.hostingersite.com\/?post_type=product&#038;p=215"},"modified":"2025-08-18T20:35:07","modified_gmt":"2025-08-18T20:35:07","slug":"zitrone","status":"publish","type":"product","link":"https:\/\/frischeorangen.com\/?product=zitrone","title":{"rendered":"Zitrone"},"content":{"rendered":"<p><span class=\"fett\"><strong>Naturmedizin und Gesundheit<\/strong>\u00a0<\/span>&#8211; Zucchini regen die Darmt\u00e4tigkeit an, kr\u00e4ftigen das Immunsystem. Entw\u00e4ssern, entlasten so das Herz, machen schlanke Beine. Wirken gegen hohen Blutdruck, ents\u00e4uern den K\u00f6rper durch Basen\u00fcberschuss. Bitterstoffe bringen Leber und Galle in Schwung. Zucchini putzt auch Blase und Nieren, verbessert den Stoffwechsel in der Haut, lindert Gicht. Selen und Karotin gelten als Krebsschutzstoffe.\u00a0<span class=\"fett\">Tipp:\u00a0<\/span>Kaufen Sie m\u00f6glichst kleine Zucchini! Haben h\u00f6here Konzentration von Gesundstoffen.<\/p>\n","protected":false},"excerpt":{"rendered":"<p><strong>Inhaltsstoffe der Zucchini:<\/strong> Viel Betakarotin, Vitamin C, Fols\u00e4ure, Kalium, Kalzium, Phosphor, Mangan, Zink, Selen, Schleim- und Bitterstoffe.<\/p>\n","protected":false},"featured_media":216,"comment_status":"open","ping_status":"closed","template":"","meta":[],"product_brand":[],"product_cat":[35,19],"product_tag":[],"class_list":{"0":"post-215","1":"product","2":"type-product","3":"status-publish","4":"has-post-thumbnail","6":"product_cat-orangen","7":"product_cat-obst","9":"first","10":"instock","11":"shipping-taxable","12":"purchasable","13":"product-type-variable","14":"has-default-attributes"},"_links":{"self":[{"href":"https:\/\/frischeorangen.com\/index.php?rest_route=\/wp\/v2\/product\/215","targetHints":{"allow":["GET"]}}],"collection":[{"href":"https:\/\/frischeorangen.com\/index.php?rest_route=\/wp\/v2\/product"}],"about":[{"href":"https:\/\/frischeorangen.com\/index.php?rest_route=\/wp\/v2\/types\/product"}],"replies":[{"embeddable":true,"href":"https:\/\/frischeorangen.com\/index.php?rest_route=%2Fwp%2Fv2%2Fcomments&post=215"}],"wp:featuredmedia":[{"embeddable":true,"href":"https:\/\/frischeorangen.com\/index.php?rest_route=\/wp\/v2\/media\/216"}],"wp:attachment":[{"href":"https:\/\/frischeorangen.com\/index.php?rest_route=%2Fwp%2Fv2%2Fmedia&parent=215"}],"wp:term":[{"taxonomy":"product_brand","embeddable":true,"href":"https:\/\/frischeorangen.com\/index.php?rest_route=%2Fwp%2Fv2%2Fproduct_brand&post=215"},{"taxonomy":"product_cat","embeddable":true,"href":"https:\/\/frischeorangen.com\/index.php?rest_route=%2Fwp%2Fv2%2Fproduct_cat&post=215"},{"taxonomy":"product_tag","embeddable":true,"href":"https:\/\/frischeorangen.com\/index.php?rest_route=%2Fwp%2Fv2%2Fproduct_tag&post=215"}],"curies":[{"name":"wp","href":"https:\/\/api.w.org\/{rel}","templated":true}]}}