{"id":1844,"date":"2025-08-18T21:44:09","date_gmt":"2025-08-18T21:44:09","guid":{"rendered":"https:\/\/darkorchid-yak-541232.hostingersite.com\/?post_type=product&#038;p=1844"},"modified":"2025-08-18T21:50:12","modified_gmt":"2025-08-18T21:50:12","slug":"oliven-geschnitten","status":"publish","type":"product","link":"https:\/\/frischeorangen.com\/?product=oliven-geschnitten","title":{"rendered":"Oliven geschnitten"},"content":{"rendered":"","protected":false},"excerpt":{"rendered":"<h3>Inhaltsstoffe in gr\u00fcne Oliven<strong>\u00a0<\/strong>:<\/h3>\n<p class=\"text\">Gr\u00fcne Oliven sind die unreifen Fr\u00fcchte des \u00d6lbaums, schwarze sind die voll ausgereiften. Beide sind reich an einfach unges\u00e4ttigten Fetts\u00e4uren, die \u2013 im Rahmen einer gesunden\u00a0Ern\u00e4hrung\u00a0\u2013 vor Herz-Kreislauf-Krankheiten sch\u00fctzen sollen. Oliven enthalten viel\u00a0Natrium,\u00a0Kalzium, Phosphor und\u00a0Eisen. Der Gehalt ist bei schwarzen Oliven h\u00f6her als bei gr\u00fcnen. Auch Vitamine kommen in beiden Fr\u00fcchten vor, zum Beispiel Vitamin A und\u00a0Fols\u00e4ure.<\/p>\n<p>&nbsp;<\/p>\n","protected":false},"featured_media":1846,"comment_status":"open","ping_status":"closed","template":"","meta":[],"product_brand":[],"product_cat":[29],"product_tag":[],"class_list":{"0":"post-1844","1":"product","2":"type-product","3":"status-publish","4":"has-post-thumbnail","6":"product_cat-oliven-ol","8":"first","9":"instock","10":"shipping-taxable","11":"purchasable","12":"product-type-variable","13":"has-default-attributes"},"_links":{"self":[{"href":"https:\/\/frischeorangen.com\/index.php?rest_route=\/wp\/v2\/product\/1844","targetHints":{"allow":["GET"]}}],"collection":[{"href":"https:\/\/frischeorangen.com\/index.php?rest_route=\/wp\/v2\/product"}],"about":[{"href":"https:\/\/frischeorangen.com\/index.php?rest_route=\/wp\/v2\/types\/product"}],"replies":[{"embeddable":true,"href":"https:\/\/frischeorangen.com\/index.php?rest_route=%2Fwp%2Fv2%2Fcomments&post=1844"}],"wp:featuredmedia":[{"embeddable":true,"href":"https:\/\/frischeorangen.com\/index.php?rest_route=\/wp\/v2\/media\/1846"}],"wp:attachment":[{"href":"https:\/\/frischeorangen.com\/index.php?rest_route=%2Fwp%2Fv2%2Fmedia&parent=1844"}],"wp:term":[{"taxonomy":"product_brand","embeddable":true,"href":"https:\/\/frischeorangen.com\/index.php?rest_route=%2Fwp%2Fv2%2Fproduct_brand&post=1844"},{"taxonomy":"product_cat","embeddable":true,"href":"https:\/\/frischeorangen.com\/index.php?rest_route=%2Fwp%2Fv2%2Fproduct_cat&post=1844"},{"taxonomy":"product_tag","embeddable":true,"href":"https:\/\/frischeorangen.com\/index.php?rest_route=%2Fwp%2Fv2%2Fproduct_tag&post=1844"}],"curies":[{"name":"wp","href":"https:\/\/api.w.org\/{rel}","templated":true}]}}