{"id":160,"date":"2021-09-16T11:05:25","date_gmt":"2021-09-16T11:05:25","guid":{"rendered":"https:\/\/darkorchid-yak-541232.hostingersite.com\/?post_type=product&#038;p=160"},"modified":"2025-08-18T21:19:23","modified_gmt":"2025-08-18T21:19:23","slug":"tomaten","status":"publish","type":"product","link":"https:\/\/frischeorangen.com\/?product=tomaten","title":{"rendered":"Cocktailtomaten"},"content":{"rendered":"<p><span class=\"fett\"><strong>Naturmedizin und Gesundheit<\/strong>\u00a0<\/span>&#8211; Tomaten sollen blutbildend wirken und gelten als aufgrund ihres Lycopin-Gehaltes als krebsvorbeugend. Sie sind appetitanregend und sollen sich positiv bei zu hohem Bultdruck auswirken. Tomaten unterst\u00fctzen Leber bei Entgiftung, lockern z\u00e4hen Bronchitisschleim, machen optimistisch und putzen Darm von F\u00e4ulnisbakterien.<br \/>\n<span class=\"fett\">Vorsicht:\u00a0<\/span>Bei Nierensteinen wg. Oxals\u00e4ure!<\/p>\n","protected":false},"excerpt":{"rendered":"<p><strong>Inhaltsstoffe in Tomaten:<\/strong> Randvoll mit Vitaminen A, E, C. Dazu B-Vitamine. Ausserdem: Magnesium, Eisen, Kalzium, Phosphor, Kupfer und die Rarit\u00e4ten Kobalt, Zink, Nickel. Ausserdem: Natur-Kortison und Hormone, die Heilsubstanzen P-Cumarin- und Chlorogens\u00e4ure. Insgesamt etwa 10 000 Pflanzenchemikalien (Phytostoffe) wie Terpene, Flavone, Carotine, Lycopin.<\/p>\n","protected":false},"featured_media":1009,"comment_status":"open","ping_status":"closed","template":"","meta":[],"product_brand":[],"product_cat":[21],"product_tag":[],"class_list":{"0":"post-160","1":"product","2":"type-product","3":"status-publish","4":"has-post-thumbnail","6":"product_cat-gemuse","8":"first","9":"instock","10":"shipping-taxable","11":"purchasable","12":"product-type-simple"},"_links":{"self":[{"href":"https:\/\/frischeorangen.com\/index.php?rest_route=\/wp\/v2\/product\/160","targetHints":{"allow":["GET"]}}],"collection":[{"href":"https:\/\/frischeorangen.com\/index.php?rest_route=\/wp\/v2\/product"}],"about":[{"href":"https:\/\/frischeorangen.com\/index.php?rest_route=\/wp\/v2\/types\/product"}],"replies":[{"embeddable":true,"href":"https:\/\/frischeorangen.com\/index.php?rest_route=%2Fwp%2Fv2%2Fcomments&post=160"}],"wp:featuredmedia":[{"embeddable":true,"href":"https:\/\/frischeorangen.com\/index.php?rest_route=\/wp\/v2\/media\/1009"}],"wp:attachment":[{"href":"https:\/\/frischeorangen.com\/index.php?rest_route=%2Fwp%2Fv2%2Fmedia&parent=160"}],"wp:term":[{"taxonomy":"product_brand","embeddable":true,"href":"https:\/\/frischeorangen.com\/index.php?rest_route=%2Fwp%2Fv2%2Fproduct_brand&post=160"},{"taxonomy":"product_cat","embeddable":true,"href":"https:\/\/frischeorangen.com\/index.php?rest_route=%2Fwp%2Fv2%2Fproduct_cat&post=160"},{"taxonomy":"product_tag","embeddable":true,"href":"https:\/\/frischeorangen.com\/index.php?rest_route=%2Fwp%2Fv2%2Fproduct_tag&post=160"}],"curies":[{"name":"wp","href":"https:\/\/api.w.org\/{rel}","templated":true}]}}