{"id":157,"date":"2021-09-16T10:56:01","date_gmt":"2021-09-16T10:56:01","guid":{"rendered":"https:\/\/darkorchid-yak-541232.hostingersite.com\/?post_type=product&#038;p=157"},"modified":"2025-08-18T20:26:42","modified_gmt":"2025-08-18T20:26:42","slug":"orangen","status":"publish","type":"product","link":"https:\/\/frischeorangen.com\/?product=orangen","title":{"rendered":"Orangen"},"content":{"rendered":"<p><span class=\"fett\"><strong>Naturmedizin und Gesundheit<\/strong>\u00a0<\/span>&#8211; Orangen wirken blutreinigend und k\u00f6nnen gut als Kur gegen Krampfadern eingesetzt werden. Der frischgepre\u00dfte Orangensaft (der in wenigen Stunden freilich einen hohen Prozentsatz seines Vitamins C verliert) ist leicht verdaulich und ideal in der Rekonvaleszenz, vor allem nach Fieber- und Durchfallerkrankungen. Sie senkten hohen Blutdruck und hohen Cholesterinspiegel. St\u00e4rken die k\u00f6rpereigene Abwehr. Beugen Infektionen durch Virenabwehr vor. Sch\u00fctzt Zellen gegen \u00bbfreie Radikale\u00ab (agressive Sauerstoffmolek\u00fcle), beugt damit Herzinfarkt, Krebs vor. Regt Appetit an (als Saft vorm Fr\u00fchst\u00fcck), macht gute Laune. Dichtet die feinsten Blutgef\u00e4sse (Kapillaren)ab; bessere Sauerstoffversorgung. Bringt die Produktion von Nervenbotenstoffen (Neurotransmitter) in Schwung: Heiterkeit, Gl\u00fccksgef\u00fchle.<\/p>\n","protected":false},"excerpt":{"rendered":"<p><strong><span class=\"fett\">Inhaltsstoffe in Orangen: <\/span><\/strong>Reichlich Vitamin C, B-Vitamine, Kalium, Magnesium, Kalzium, Phosphor, Beta-Carotin, Zellschutzstoffe, Bioflavonoide (sitzen in der weissen Haut unter der Schale, mitessen!), Selen.<\/p>\n","protected":false},"featured_media":1131,"comment_status":"open","ping_status":"closed","template":"","meta":[],"product_brand":[],"product_cat":[35,19],"product_tag":[],"class_list":{"0":"post-157","1":"product","2":"type-product","3":"status-publish","4":"has-post-thumbnail","6":"product_cat-orangen","7":"product_cat-obst","9":"first","10":"instock","11":"shipping-taxable","12":"purchasable","13":"product-type-variable","14":"has-default-attributes"},"_links":{"self":[{"href":"https:\/\/frischeorangen.com\/index.php?rest_route=\/wp\/v2\/product\/157","targetHints":{"allow":["GET"]}}],"collection":[{"href":"https:\/\/frischeorangen.com\/index.php?rest_route=\/wp\/v2\/product"}],"about":[{"href":"https:\/\/frischeorangen.com\/index.php?rest_route=\/wp\/v2\/types\/product"}],"replies":[{"embeddable":true,"href":"https:\/\/frischeorangen.com\/index.php?rest_route=%2Fwp%2Fv2%2Fcomments&post=157"}],"wp:featuredmedia":[{"embeddable":true,"href":"https:\/\/frischeorangen.com\/index.php?rest_route=\/wp\/v2\/media\/1131"}],"wp:attachment":[{"href":"https:\/\/frischeorangen.com\/index.php?rest_route=%2Fwp%2Fv2%2Fmedia&parent=157"}],"wp:term":[{"taxonomy":"product_brand","embeddable":true,"href":"https:\/\/frischeorangen.com\/index.php?rest_route=%2Fwp%2Fv2%2Fproduct_brand&post=157"},{"taxonomy":"product_cat","embeddable":true,"href":"https:\/\/frischeorangen.com\/index.php?rest_route=%2Fwp%2Fv2%2Fproduct_cat&post=157"},{"taxonomy":"product_tag","embeddable":true,"href":"https:\/\/frischeorangen.com\/index.php?rest_route=%2Fwp%2Fv2%2Fproduct_tag&post=157"}],"curies":[{"name":"wp","href":"https:\/\/api.w.org\/{rel}","templated":true}]}}