{"id":1366,"date":"2021-12-14T16:01:10","date_gmt":"2021-12-14T16:01:10","guid":{"rendered":"https:\/\/darkorchid-yak-541232.hostingersite.com\/?page_id=1366"},"modified":"2026-04-05T20:46:52","modified_gmt":"2026-04-05T20:46:52","slug":"standorte-termine","status":"publish","type":"page","link":"https:\/\/frischeorangen.com\/?page_id=1366","title":{"rendered":"STANDORTE\/TERMINE"},"content":{"rendered":"\t\t<div data-elementor-type=\"wp-page\" data-elementor-id=\"1366\" class=\"elementor elementor-1366\" data-elementor-post-type=\"page\">\n\t\t\t\t\t\t<section class=\"elementor-section elementor-top-section elementor-element elementor-element-ce53e6b elementor-section-boxed elementor-section-height-default elementor-section-height-default\" data-id=\"ce53e6b\" data-element_type=\"section\" data-e-type=\"section\" data-settings=\"{&quot;background_background&quot;:&quot;classic&quot;}\">\n\t\t\t\t\t\t<div class=\"elementor-container elementor-column-gap-default\">\n\t\t\t\t\t<div class=\"elementor-column elementor-col-100 elementor-top-column elementor-element elementor-element-8f55c3c\" data-id=\"8f55c3c\" data-element_type=\"column\" data-e-type=\"column\">\n\t\t\t<div class=\"elementor-widget-wrap elementor-element-populated\">\n\t\t\t\t\t\t<section class=\"elementor-section elementor-inner-section elementor-element elementor-element-886bad0 elementor-section-full_width elementor-section-height-default elementor-section-height-default\" data-id=\"886bad0\" data-element_type=\"section\" data-e-type=\"section\">\n\t\t\t\t\t\t<div class=\"elementor-container elementor-column-gap-default\">\n\t\t\t\t\t<div class=\"elementor-column elementor-col-100 elementor-inner-column elementor-element elementor-element-b1ff976\" data-id=\"b1ff976\" data-element_type=\"column\" data-e-type=\"column\">\n\t\t\t<div class=\"elementor-widget-wrap elementor-element-populated\">\n\t\t\t\t\t\t<div class=\"elementor-element elementor-element-af0bafa elementor-widget elementor-widget-heading\" data-id=\"af0bafa\" data-element_type=\"widget\" data-e-type=\"widget\" data-widget_type=\"heading.default\">\n\t\t\t\t<div class=\"elementor-widget-container\">\n\t\t\t\t\t<h2 class=\"elementor-heading-title elementor-size-default\">Weinb\u00f6hla<\/h2>\t\t\t\t<\/div>\n\t\t\t\t<\/div>\n\t\t\t\t<div class=\"elementor-element elementor-element-08999a9 elementor-widget elementor-widget-image\" data-id=\"08999a9\" data-element_type=\"widget\" data-e-type=\"widget\" data-widget_type=\"image.default\">\n\t\t\t\t<div class=\"elementor-widget-container\">\n\t\t\t\t\t\t\t\t\t\t\t\t\t\t\t<img fetchpriority=\"high\" decoding=\"async\" width=\"800\" height=\"349\" src=\"https:\/\/frischeorangen.com\/wp-content\/uploads\/2026\/04\/WEINBOHLA.jpeg\" class=\"attachment-large size-large wp-image-2023\" alt=\"\" srcset=\"https:\/\/frischeorangen.com\/wp-content\/uploads\/2026\/04\/WEINBOHLA.jpeg 814w, https:\/\/frischeorangen.com\/wp-content\/uploads\/2026\/04\/WEINBOHLA-300x131.jpeg 300w, https:\/\/frischeorangen.com\/wp-content\/uploads\/2026\/04\/WEINBOHLA-768x335.jpeg 768w\" sizes=\"(max-width: 800px) 100vw, 800px\" \/>\t\t\t\t\t\t\t\t\t\t\t\t\t\t\t<\/div>\n\t\t\t\t<\/div>\n\t\t\t\t<div class=\"elementor-element elementor-element-fb92dbc elementor-widget elementor-widget-heading\" data-id=\"fb92dbc\" data-element_type=\"widget\" data-e-type=\"widget\" data-widget_type=\"heading.default\">\n\t\t\t\t<div class=\"elementor-widget-container\">\n\t\t\t\t\t<h2 class=\"elementor-heading-title elementor-size-default\">W\u00fcrzburg<\/h2>\t\t\t\t<\/div>\n\t\t\t\t<\/div>\n\t\t\t\t<div class=\"elementor-element elementor-element-f308f2f elementor-widget elementor-widget-image\" data-id=\"f308f2f\" data-element_type=\"widget\" data-e-type=\"widget\" data-widget_type=\"image.default\">\n\t\t\t\t<div class=\"elementor-widget-container\">\n\t\t\t\t\t\t\t\t\t\t\t\t\t\t\t<img decoding=\"async\" width=\"800\" height=\"382\" src=\"https:\/\/frischeorangen.com\/wp-content\/uploads\/2026\/04\/WURZBURG.jpeg\" class=\"attachment-large size-large wp-image-2022\" alt=\"\" srcset=\"https:\/\/frischeorangen.com\/wp-content\/uploads\/2026\/04\/WURZBURG.jpeg 815w, https:\/\/frischeorangen.com\/wp-content\/uploads\/2026\/04\/WURZBURG-300x143.jpeg 300w, https:\/\/frischeorangen.com\/wp-content\/uploads\/2026\/04\/WURZBURG-768x367.jpeg 768w\" sizes=\"(max-width: 800px) 100vw, 800px\" \/>\t\t\t\t\t\t\t\t\t\t\t\t\t\t\t<\/div>\n\t\t\t\t<\/div>\n\t\t\t\t<div class=\"elementor-element elementor-element-c35434f elementor-widget elementor-widget-heading\" data-id=\"c35434f\" data-element_type=\"widget\" data-e-type=\"widget\" data-widget_type=\"heading.default\">\n\t\t\t\t<div class=\"elementor-widget-container\">\n\t\t\t\t\t<h2 class=\"elementor-heading-title elementor-size-default\">Wertheim<\/h2>\t\t\t\t<\/div>\n\t\t\t\t<\/div>\n\t\t\t\t<div class=\"elementor-element elementor-element-bda58d6 elementor-widget elementor-widget-heading\" data-id=\"bda58d6\" data-element_type=\"widget\" data-e-type=\"widget\" data-widget_type=\"heading.default\">\n\t\t\t\t<div class=\"elementor-widget-container\">\n\t\t\t\t\t<h2 class=\"elementor-heading-title elementor-size-default\"> 16 .Nov.2026<\/h2>\t\t\t\t<\/div>\n\t\t\t\t<\/div>\n\t\t\t\t<div class=\"elementor-element elementor-element-e7431fb elementor-widget elementor-widget-heading\" data-id=\"e7431fb\" data-element_type=\"widget\" data-e-type=\"widget\" data-widget_type=\"heading.default\">\n\t\t\t\t<div class=\"elementor-widget-container\">\n\t\t\t\t\t<h2 class=\"elementor-heading-title elementor-size-default\">Gem\u00fcnden am Main<\/h2>\t\t\t\t<\/div>\n\t\t\t\t<\/div>\n\t\t\t\t<div class=\"elementor-element elementor-element-6a84137 elementor-widget elementor-widget-heading\" data-id=\"6a84137\" data-element_type=\"widget\" data-e-type=\"widget\" data-widget_type=\"heading.default\">\n\t\t\t\t<div class=\"elementor-widget-container\">\n\t\t\t\t\t<h2 class=\"elementor-heading-title elementor-size-default\">30.Nov.2026<\/h2>\t\t\t\t<\/div>\n\t\t\t\t<\/div>\n\t\t\t\t<div class=\"elementor-element elementor-element-92fc54a elementor-widget elementor-widget-heading\" data-id=\"92fc54a\" data-element_type=\"widget\" data-e-type=\"widget\" data-widget_type=\"heading.default\">\n\t\t\t\t<div class=\"elementor-widget-container\">\n\t\t\t\t\t<h2 class=\"elementor-heading-title elementor-size-default\">Singen<\/h2>\t\t\t\t<\/div>\n\t\t\t\t<\/div>\n\t\t\t\t<div class=\"elementor-element elementor-element-8b9232e elementor-widget elementor-widget-text-editor\" data-id=\"8b9232e\" data-element_type=\"widget\" data-e-type=\"widget\" data-widget_type=\"text-editor.default\">\n\t\t\t\t<div class=\"elementor-widget-container\">\n\t\t\t\t\t\t\t\t\t<p>Immer Samstags von 6 Uhr bis 12 Uhr 30<\/p>\t\t\t\t\t\t\t\t<\/div>\n\t\t\t\t<\/div>\n\t\t\t\t<div class=\"elementor-element elementor-element-60b9c9b elementor-widget elementor-widget-text-editor\" data-id=\"60b9c9b\" data-element_type=\"widget\" data-e-type=\"widget\" data-widget_type=\"text-editor.default\">\n\t\t\t\t<div class=\"elementor-widget-container\">\n\t\t\t\t\t\t\t\t\t<p>Wir w\u00fcrden uns freuen,Sie an einem unserer Verkaufsstandorte begr\u00fc\u00dfen zu d\u00fcrfen. Probieren Sie unsere Ware und \u00fcberzeugen Sie sich selbte von der Qualit\u00e4t und dem Geschmack Siziliens.<\/p>\t\t\t\t\t\t\t\t<\/div>\n\t\t\t\t<\/div>\n\t\t\t\t\t<\/div>\n\t\t<\/div>\n\t\t\t\t\t<\/div>\n\t\t<\/section>\n\t\t\t\t\t<\/div>\n\t\t<\/div>\n\t\t\t\t\t<\/div>\n\t\t<\/section>\n\t\t\t\t<\/div>\n\t\t","protected":false},"excerpt":{"rendered":"<p>Weinb\u00f6hla W\u00fcrzburg Wertheim 16 .Nov.2026 Gem\u00fcnden am Main 30.Nov.2026 Singen Immer Samstags von 6 Uhr bis 12 Uhr 30 Wir w\u00fcrden uns freuen,Sie an einem unserer Verkaufsstandorte begr\u00fc\u00dfen zu d\u00fcrfen. Probieren Sie unsere Ware und \u00fcberzeugen Sie sich selbte von der Qualit\u00e4t und dem Geschmack Siziliens.<\/p>\n","protected":false},"author":1,"featured_media":0,"parent":0,"menu_order":0,"comment_status":"closed","ping_status":"closed","template":"","meta":{"footnotes":""},"class_list":["post-1366","page","type-page","status-publish","hentry"],"_links":{"self":[{"href":"https:\/\/frischeorangen.com\/index.php?rest_route=\/wp\/v2\/pages\/1366","targetHints":{"allow":["GET"]}}],"collection":[{"href":"https:\/\/frischeorangen.com\/index.php?rest_route=\/wp\/v2\/pages"}],"about":[{"href":"https:\/\/frischeorangen.com\/index.php?rest_route=\/wp\/v2\/types\/page"}],"author":[{"embeddable":true,"href":"https:\/\/frischeorangen.com\/index.php?rest_route=\/wp\/v2\/users\/1"}],"replies":[{"embeddable":true,"href":"https:\/\/frischeorangen.com\/index.php?rest_route=%2Fwp%2Fv2%2Fcomments&post=1366"}],"version-history":[{"count":154,"href":"https:\/\/frischeorangen.com\/index.php?rest_route=\/wp\/v2\/pages\/1366\/revisions"}],"predecessor-version":[{"id":2026,"href":"https:\/\/frischeorangen.com\/index.php?rest_route=\/wp\/v2\/pages\/1366\/revisions\/2026"}],"wp:attachment":[{"href":"https:\/\/frischeorangen.com\/index.php?rest_route=%2Fwp%2Fv2%2Fmedia&parent=1366"}],"curies":[{"name":"wp","href":"https:\/\/api.w.org\/{rel}","templated":true}]}}